{"id":577,"date":"2025-07-22T19:00:11","date_gmt":"2025-07-22T16:00:11","guid":{"rendered":"http:\/\/rlab.lv\/?page_id=577"},"modified":"2026-01-27T14:14:10","modified_gmt":"2026-01-27T12:14:10","slug":"colibri-577","status":"publish","type":"page","link":"https:\/\/rlab.lv\/lv\/colibri-577\/","title":{"rendered":"ES atbalsts"},"content":{"rendered":"<div data-colibri-id=\"577-c1\" class=\"style-490 style-local-577-c1 position-relative\">\n  <!---->\n  <div data-colibri-component=\"section\" data-colibri-id=\"577-c2\" id=\"custom\" class=\"h-section h-section-global-spacing d-flex align-items-lg-center align-items-md-center align-items-center style-491 style-local-577-c2 position-relative\">\n    <!---->\n    <!---->\n    <div class=\"h-section-grid-container h-section-boxed-container\">\n      <!---->\n      <div data-colibri-id=\"577-c3\" class=\"h-row-container gutters-row-lg-2 gutters-row-md-2 gutters-row-0 gutters-row-v-lg-2 gutters-row-v-md-2 gutters-row-v-2 style-492 style-local-577-c3 position-relative\">\n        <!---->\n        <div class=\"h-row justify-content-lg-center justify-content-md-center justify-content-center align-items-lg-stretch align-items-md-stretch align-items-stretch gutters-col-lg-2 gutters-col-md-2 gutters-col-0 gutters-col-v-lg-2 gutters-col-v-md-2 gutters-col-v-2\">\n          <!---->\n          <div class=\"h-column h-column-container d-flex h-col-lg-auto h-col-md-auto h-col-auto style-493-outer style-local-577-c4-outer\">\n            <div data-colibri-id=\"577-c4\" class=\"d-flex h-flex-basis h-column__inner h-px-lg-2 h-px-md-2 h-px-2 v-inner-lg-2 v-inner-md-2 v-inner-2 style-493 style-local-577-c4 position-relative\">\n              <!---->\n              <!---->\n              <div class=\"w-100 h-y-container h-column__content h-column__v-align flex-basis-100 align-self-lg-start align-self-md-start align-self-start\">\n                <!---->\n                <div data-colibri-id=\"577-c5\" class=\"h-text h-text-component style-494 style-local-577-c5 position-relative h-element\">\n                  <!---->\n                  <!---->\n                  <div class=\"\">\n                    <p>1.<\/p>\n                    <p>Projekta nosakums: Digital\u0101 r\u012bka WiFi t\u012bklu model\u0113\u0161anasi un projekt\u0113\u0161anai ievie\u0161ana.<\/p>\n                    <p>RLAB SIA, re\u0123.nr. 50003934831 Atvese\u013co\u0161anas fonda ietvaros veic ieguld\u012bjumu komercdarb\u012bbas procesu uzlabo\u0161an\u0101.<\/p>\n                    <p>Atbalst\u0101m\u0101 darb\u012bba: citu ar inform\u0101cijas un komunik\u0101cijas tehnolo\u0123iju produktiem, tehnolo\u0123ij\u0101m, dro\u0161\u012bbu vai procesiem saist\u012btu uzlabojumu veik\u0161ana<\/p>\n                    <p>Risin\u0101jums: digit\u0101ls r\u012bks WiFi t\u012bklu model\u0113\u0161anai un projekt\u0113\u0161anai<\/p>\n                    <p><strong>Projekts: DIGI\/2025\/2973<\/strong><\/p>\n                    <p><strong>L\u012bgums ar&nbsp;LIAA: Nr. 9.2-17-L-2025\/809<\/strong><\/p>\n                    <p>2.<\/p>\n                    <p>ERAF projekta nosaukums: Daudzdz\u012bvok\u013cu \u0113ku siltumapg\u0101des sist\u0113mas vad\u012bbas efektivit\u0101tes paaugstin\u0101\u0161ana, izmantojot m\u0101ksl\u012bg\u0101 intelekta risin\u0101jumus un progno\u017eu datus<\/p>\n                    <p>Projekta l\u012bguma numurs: 1.1.1.3\/1\/24\/A\/066<\/p>\n                    <p>Projekta partneri: SIA \u201cRLAB\u201d un SIA \u201cEcengo\u201d<\/p>\n                    <p>Projekta \u012bsteno\u0161anas termi\u0146\u0161: 01.09.2025. &#8211; 31.08.2028. (36 m\u0113ne\u0161i)<\/p>\n                    <p>Projekta kop\u0113jais finans\u0113jums: 656 452.50 EUR (Eiropas Re\u0123ion\u0101lais att\u012bst\u012bbas fonda finans\u0113jums 510 063.59 EUR; Valsts bud\u017eeta finans\u0113jums 89 933.99 EUR; priv\u0101tais finans\u0113jums 25 489.44 EUR).<\/p>\n                    <p>\u2022 Latvijas Universit\u0101tes finans\u0113jums ir 360 060,00 EUR (77.70% ERAF l\u012bdzfinans\u0113jums 279 766,62 EUR; 13.70% Valsts bud\u017eeta l\u012bdzfinans\u0113jums 49 328,22 EUR; 8.60% l\u012bdzfinans\u0113jums jeb 30 965,16 EUR);<\/p>\n                    <p>\u2022 SIA \u201cRLAB\u201d finans\u0113jums ir 131 575,00 EUR ( 77.70% ERAF l\u012bdzfinans\u0113jums 102 233,78 EUR; 13.70% Valsts bud\u017eeta l\u012bdzfinans\u0113jums 18 025,78 EUR; 8.60% l\u012bdzfinans\u0113jums jeb 11 315,44 EUR);<\/p>\n                    <p>\u2022 SIA \u201cEcengo\u201d finans\u0113jums ir 164 817,50 (77.70% ERAF l\u012bdzfinans\u0113jums 128 063,20 EUR; 13.70% Valsts bud\u017eeta l\u012bdzfinans\u0113jums 22 580,00 EUR ; 8.60% l\u012bdzfinans\u0113jums jeb 14 174,31 EUR).<\/p>\n                    <p>Projekta zin\u0101tniskais vad\u012bt\u0101js: LU Eksakto zin\u0101t\u0146u un tehnolo\u0123iju fakult\u0101tes Skaitlisk\u0101s model\u0113\u0161anas instit\u016bta vado\u0161ais p\u0113tnieks Dr. fiz. Andris Jakovi\u010ds, e-pasts andris.jakovics@lu.lv<\/p>\n                    <p>Projekta administrat\u012bvais vad\u012bt\u0101js: LU Eksakto zin\u0101t\u0146u un tehnolo\u0123iju fakult\u0101tes vado\u0161ais eksperts Viktorija Juh\u0146evi\u010da, e-pasts: viktorija.juhnevica@lu.lv<\/p>\n                    <p>Projekta m\u0113r\u0137is ir izstr\u0101d\u0101t inovat\u012bvu Mode\u013ca Prognoz\u0113jo\u0161\u0101s Vad\u012bbas (MPV) neironu t\u012bkla arhitekt\u016bru siltumapg\u0101des sist\u0113mu vad\u012bbai daudzdz\u012bvok\u013cu \u0113k\u0101s un nov\u0113rt\u0113t t\u0101s izmanto\u0161anas efektivit\u0101ti. Projekts ir v\u0113rsts uz energoefektivit\u0101tes\n                      paaugstin\u0101\u0161anu, prognoz\u0113\u0161anas precizit\u0101tes uzlabo\u0161anu un iedz\u012bvot\u0101ju komforta paaugstin\u0101\u0161anu. T\u0101 ietvaros tiks sal\u012bdzin\u0101tas da\u017e\u0101das neironu t\u012bklu arhitekt\u016bras at\u0161\u0137ir\u012bga lieluma \u0113k\u0101m, optimiz\u0113ti t\u012bkla konfigur\u0101cijas parametri un rad\u012btas\n                      m\u0113rogojamas metodes p\u0101rejai no tradicion\u0101laj\u0101m vad\u012bbas sist\u0113m\u0101m uz datos b\u0101z\u0113tu MPV. \u0160\u012bs p\u0101rejas m\u0113r\u0137is ir pan\u0101kt iev\u0113rojamus ener\u0123ijas ietaup\u012bjumus un samazin\u0101t oglek\u013ca p\u0113du Eiropas Savien\u012bb\u0101 (ES) \u0113ku sektor\u0101, t.sk. Latvij\u0101.<\/p>\n                    <p>Projekta galvenie rezultat\u012bvie r\u0101d\u012bt\u0101ji:<\/p>\n                    <p>(1) Pieci ori\u0123in\u0101li zin\u0101tniskie raksti, kas public\u0113ti Web of Science, SCOPUS vai ERIH+ datub\u0101z\u0113s iek\u013cautos \u017eurn\u0101los vai konferen\u010du rakstu kr\u0101jumos;<\/p>\n                    <p>(2) Viens patents;<\/p>\n                    <p>(3) divas tehnolo\u0123iju ties\u012bbas;<\/p>\n                    <p>(4) viens licences l\u012bgums;<\/p>\n                    <p>(5) viens prototips.<\/p>\n                    <p>Projekta darb\u012bbas ir noteiktas k\u0101:<\/p>\n                    <p>(1) R\u016bpnieciskie p\u0113t\u012bjumi (apak\u0161darb\u012bbas: Projekta zin\u0101tnisk\u0101 p\u0101rvald\u012bba; Pa\u0161reiz\u0113j\u0101 probl\u0113mas st\u0101vok\u013ca padzi\u013cin\u0101ta anal\u012bze un piem\u0113rotu alternat\u012bvu risin\u0101jumu atlase un priek\u0161izp\u0113te; Koncepcijas un praktisku risin\u0101jumu izstr\u0101de efekt\u012bvam\n                      siltumaenergopat\u0113ri\u0146a un termisk\u0101 komforta monitoringam, datu uzkr\u0101\u0161anai un apstr\u0101dei daudz\u012bvok\u013cu \u0113k\u0101s, Risin\u0101jumu izstr\u0101de un aprob\u0101cija siltumener\u0123ijas zudumu anal\u012bzei un samazin\u0101\u0161anai posm\u0101 ra\u017eot\u0101js \u2013 pat\u0113r\u0113t\u0101js; Eksperiment\u0101lo\n                      \u0113ku un siltuma sadales mezglu papildus apr\u012bko\u0161ana apak\u0161punktu 2.d3 un 2.d4 izstr\u0101d\u0146u praktiskai p\u0101rbaudei; M\u0101ksl\u012bg\u0101 intelekta (neironu t\u012bklu) risin\u0101jumu izstr\u0101de un praktisk\u0101 p\u0101rbaude eksperiment\u0101laj\u0101s \u0113k\u0101s un siltuma sadales posm\u0101;\n                      P\u0113t\u012bjumu rezult\u0101tu apkopo\u0161ana, anal\u012bze un rekomend\u0101ciju izstr\u0101de daudz\u012bvok\u013cu \u0113ku energopat\u0113ri\u0146a un p\u0101rvades siltuma zudumu samazin\u0101\u0161anai).<\/p>\n                    <p>(2) Tehnolo\u0123isko ties\u012bbu (nemateri\u0101lo akt\u012bvu) ieg\u016b\u0161ana, apstiprin\u0101\u0161ana un aizst\u0101v\u0113\u0161ana;<\/p>\n                    <p>(3) Projekta ietvaros rad\u012bto zin\u0101\u0161anu izplat\u012b\u0161ana;<\/p>\n                    <p>(d) Pas\u0101kumi, lai nodro\u0161in\u0101tu komunik\u0101cijas un vizu\u0101l\u0101s identit\u0101tes pras\u012bbas.<\/p>\n                    <p>Projekta darb\u012bbas tiks \u012bstenotas Latvijas Universit\u0101t\u0113 Eksakto zin\u0101t\u0146u un tehnolo\u0123iju fakult\u0101t\u0113 sadarb\u012bb\u0101 ar SIA Ecengo www.ecengo.lv un SIA RLAB rlab.lv\/lv\/.<\/p>\n                    <p>\n                      <br>\n                    <\/p>\n                    <p>Pazi\u0146ojums par projekta \u012bsteno\u0161ana &#8211; par 1.p\u0101rskata periodu no 01.09.2025. l\u012bdz 30.11.2025.<\/p>\n                    <p>P\u0101rskata period\u0101 tika uzs\u0101kts zin\u0101tniski p\u0113tnieciskais darbs, sadarb\u012bb\u0101 ar projekta partneriem Latvijas Universit\u0101te un SIA \u201cEcengo\u201d \u0161\u0101d\u0101s projekta darb\u012bb\u0101s:<\/p>\n                    <p>1 \u201cProjekta zin\u0101tnisk\u0101 p\u0101rvald\u012bba\u201d- darb\u012bbas \u012bsteno\u0161anas ietvaros tika organiz\u0113ta projekta uzs\u0101k\u0161anas apspriede (2.09.2025), k\u0101 ar\u012b darba apspriedes oktobr\u012b un novembr\u012b. Tika detaliz\u0113ti un saska\u0146oti konkr\u0113tie darba uzdevumi projekta\n                      darbiniekiem, veikta to izpildes kontrole. Nosl\u0113gts sadarb\u012bbas l\u012bgums ar dz\u012bvok\u013cu \u012bpa\u0161nieku biedr\u012bbu par eksperiment\u0101lo monitoringa un vad\u012bbas sist\u0113mu instal\u0101ciju daudzdz\u012bvok\u013cu \u0113k\u0101 projekta izstr\u0101d\u0146u izm\u0113\u0123in\u0101jumiem.<\/p>\n                    <p>2 \u201cPa\u0161reiz\u0113j\u0101 probl\u0113mas st\u0101vok\u013ca padzi\u013cin\u0101ta anal\u012bze un piem\u0113rotu alternat\u012bvu risin\u0101jumu atlase un priek\u0161izp\u0113te\u201d &#8211; aktivit\u0101tes ietvaros tiek atlas\u012bti inform\u0101cijas avoti aktu\u0101l\u0101 probl\u0113mas st\u0101vok\u013ca detaliz\u0113tai raksturo\u0161anai, lai veiktu\n                      da\u017e\u0101du iesp\u0113jamo sist\u0113mas risin\u0101jumu alternat\u012bvu priek\u0161izp\u0113ti.<\/p>\n                    <p>3 \u201cKoncepcijas un praktisku risin\u0101jumu izstr\u0101de efekt\u012bvam siltuma energopat\u0113ri\u0146a un termisk\u0101 komforta monitoringam, datu uzkr\u0101\u0161anai un apstr\u0101dei daudz\u012bvok\u013cu \u0113k\u0101s\u201d &#8211; darb\u012bbas ietvaros uzs\u0101kta izstr\u0101d\u0101t\u0101s koncepcijas detaliz\u0101cija. Veikta\n                      nepiecie\u0161amo tehnisko l\u012bdzek\u013cu specific\u0113\u0161ana. Uzs\u0101kti praktisk\u0101 siltuma ener\u0123ijas pat\u0113ri\u0146a un termisk\u0101 komforta monitoringa tehnisko l\u012bdzek\u013cu mont\u0101\u017eas un uzst\u0101d\u012b\u0161anas darbi daudzdz\u012bvok\u013cu \u0113k\u0101, k\u0101 ar\u012b uzst\u0101d\u012btas telpu temperat\u016bras\n                      un mitruma kontrolm\u0113r\u012bjumu iek\u0101rtas vair\u0101k\u0101s cit\u0101s \u0113k\u0101s ilgtermi\u0146a monitoringam.<\/p>\n                    <p>4. \u201cProjekta ietvaros rad\u012bto zin\u0101\u0161anu izplat\u012b\u0161ana m\u0101c\u012bbu, publik\u0101ciju vai zin\u0101t\u012bbas un tehnolo\u0123iju p\u0101rneses veid\u0101\u201d &#8211; p\u0101rskata period\u0101 public\u0113ta preses rel\u012bze https:\/\/www.dsiltumtikli.lv\/lv\/jaunumi\/item-5022\/. Projekta p\u0113tnieki piedal\u012bj\u0101s\n                      Eiropas zin\u0101tnieku nakts pas\u0101kum\u0101 26.09.2025, kur apmekl\u0113t\u0101jiem bija iesp\u0113ja satikt zin\u0101tniekus un iepaz\u012bt vi\u0146u p\u0113tniecisko darbu, izzinot da\u017e\u0101das zin\u0101tnes nozares un sasniegumus, t\u0101dej\u0101di papla\u0161inot iedz\u012bvot\u0101ju zin\u0101\u0161anas un redzesloku,\n                      bet ar\u012b populariz\u0113jot projekta sasniegumus un veicinot STEM izgl\u012bt\u012bbu, \u012bpa\u0161i jaunie\u0161u vid\u016b, izce\u013cot zin\u0101tnes noz\u012bmi ikdienas dz\u012bv\u0113 un t\u0101s potenci\u0101lu n\u0101kotnes karjeras izv\u0113l\u0113. Tika demonstr\u0113ti termogr\u0101fijas lietojumi \u0113ku siltuma zudumu\n                      identifik\u0101cijai.<\/p>\n                    <p>5. \u201cKomunik\u0101cijas un vizu\u0101l\u0101s identit\u0101tes pras\u012bbu nodro\u0161in\u0101\u0161anas pas\u0101kumi\u201d &#8211; atbilsto\u0161i projekta nosac\u012bjumiem sabiedr\u012bbai skaidri redzam\u0101 viet\u0101 ir izvietoti 4 informat\u012bvi plak\u0101ti katram projekta partnerim un katra sadarb\u012bbas partnera\n                      t\u012bmek\u013cvietn\u0113 ir izvietota inform\u0101cija par projekta \u012bsteno\u0161anu viegli saprotam\u0101 valod\u0101, SIA \u201cRLab\u201d inform\u0101cija par projektu pieejama \u0161eit: https:\/\/rlab.lv\/lv\/colibri-577\/<\/p>\n                    <p>\n                      <br>\n                    <\/p>\n                    <p>\n                      <br>\n                    <\/p>\n                    <p>\n                      <br>\n                    <\/p>\n                    <p>\n                      <br>\n                    <\/p>\n                    <p>\n                      <br>\n                    <\/p>\n                    <p>\n                      <br>\n                    <\/p>\n                    <p>\n                      <br>\n                    <\/p>\n                    <p>\n                      <br>\n                    <\/p>\n                    <p>\n                      <br>\n                    <\/p>\n                  <\/div>\n                <\/div>\n              <\/div>\n            <\/div>\n          <\/div>\n        <\/div>\n      <\/div>\n    <\/div>\n  <\/div>\n  <div data-colibri-component=\"section\" data-colibri-id=\"577-c6\" id=\"custom-2\" class=\"h-section h-section-global-spacing d-flex align-items-lg-center align-items-md-center align-items-center style-495 style-local-577-c6 position-relative\">\n    <!---->\n    <!---->\n    <div class=\"h-section-grid-container h-section-boxed-container\">\n      <!---->\n      <div data-colibri-id=\"577-c7\" class=\"h-row-container gutters-row-lg-2 gutters-row-md-2 gutters-row-0 gutters-row-v-lg-2 gutters-row-v-md-2 gutters-row-v-2 style-496 style-local-577-c7 position-relative\">\n        <!---->\n        <div class=\"h-row justify-content-lg-center justify-content-md-center justify-content-center align-items-lg-stretch align-items-md-stretch align-items-stretch gutters-col-lg-2 gutters-col-md-2 gutters-col-0 gutters-col-v-lg-2 gutters-col-v-md-2 gutters-col-v-2\">\n          <!---->\n          <div class=\"h-column h-column-container d-flex h-col-lg-auto h-col-md-auto h-col-auto style-497-outer style-local-577-c8-outer\">\n            <div data-colibri-id=\"577-c8\" class=\"d-flex h-flex-basis h-column__inner h-px-lg-2 h-px-md-2 h-px-2 v-inner-lg-2 v-inner-md-2 v-inner-2 style-497 style-local-577-c8 position-relative\">\n              <!---->\n              <!---->\n              <div class=\"w-100 h-y-container h-column__content h-column__v-align flex-basis-100 align-self-lg-start align-self-md-start align-self-start\">\n                <!---->\n                <div data-colibri-id=\"577-c9\" class=\"d-block style-498 style-local-577-c9 position-relative h-element\">\n                  <!---->\n                  <div class=\"h-image__frame-container-outer\">\n                    <div class=\"h-image__frame-container\">\n                      <!---->\n                      <!---->\n                      <img loading=\"lazy\" decoding=\"async\" width=\"313\" height=\"145\" src=\"http:\/\/rlab.lv\/wp-content\/uploads\/2025\/07\/cropped-publicitate_office.jpg\" class=\"wp-image-581 style-498-image style-local-577-c9-image\" alt=\"\" srcset=\"https:\/\/rlab.lv\/wp-content\/uploads\/2025\/07\/cropped-publicitate_office.jpg 313w, https:\/\/rlab.lv\/wp-content\/uploads\/2025\/07\/cropped-publicitate_office-300x139.jpg 300w, https:\/\/rlab.lv\/wp-content\/uploads\/2025\/07\/cropped-publicitate_office-18x8.jpg 18w\" sizes=\"auto, (max-width: 313px) 100vw, 313px\" \/>\n                      <div class=\"h-image__frame h-hide-lg h-hide-md h-hide-sm style-498-frameImage style-local-577-c9-frameImage\"><\/div>\n                    <\/div>\n                  <\/div>\n                <\/div>\n              <\/div>\n            <\/div>\n          <\/div>\n        <\/div>\n      <\/div>\n    <\/div>\n  <\/div>\n<\/div>","protected":false},"excerpt":{"rendered":"<p>1. Projekta nosakums: Digital\u0101 r\u012bka WiFi t\u012bklu model\u0113\u0161anasi un projekt\u0113\u0161anai ievie\u0161ana. RLAB SIA, re\u0123.nr. 50003934831 Atvese\u013co\u0161anas fonda ietvaros veic ieguld\u012bjumu komercdarb\u012bbas procesu uzlabo\u0161an\u0101. Atbalst\u0101m\u0101 darb\u012bba: citu ar inform\u0101cijas un komunik\u0101cijas tehnolo\u0123iju produktiem, tehnolo\u0123ij\u0101m, dro\u0161\u012bbu vai procesiem saist\u012btu uzlabojumu veik\u0161ana Risin\u0101jums: digit\u0101ls r\u012bks WiFi t\u012bklu model\u0113\u0161anai un projekt\u0113\u0161anai Projekts: DIGI\/2025\/2973 L\u012bgums ar&nbsp;LIAA: Nr. 9.2-17-L-2025\/809 2. ERAF [&hellip;]<\/p>","protected":false},"author":3,"featured_media":0,"parent":0,"menu_order":0,"comment_status":"closed","ping_status":"closed","template":"page-templates\/full-width-page.php","meta":{"footnotes":""},"class_list":["post-577","page","type-page","status-publish","hentry"],"_links":{"self":[{"href":"https:\/\/rlab.lv\/lv\/wp-json\/wp\/v2\/pages\/577","targetHints":{"allow":["GET"]}}],"collection":[{"href":"https:\/\/rlab.lv\/lv\/wp-json\/wp\/v2\/pages"}],"about":[{"href":"https:\/\/rlab.lv\/lv\/wp-json\/wp\/v2\/types\/page"}],"author":[{"embeddable":true,"href":"https:\/\/rlab.lv\/lv\/wp-json\/wp\/v2\/users\/3"}],"replies":[{"embeddable":true,"href":"https:\/\/rlab.lv\/lv\/wp-json\/wp\/v2\/comments?post=577"}],"version-history":[{"count":6,"href":"https:\/\/rlab.lv\/lv\/wp-json\/wp\/v2\/pages\/577\/revisions"}],"predecessor-version":[{"id":610,"href":"https:\/\/rlab.lv\/lv\/wp-json\/wp\/v2\/pages\/577\/revisions\/610"}],"wp:attachment":[{"href":"https:\/\/rlab.lv\/lv\/wp-json\/wp\/v2\/media?parent=577"}],"curies":[{"name":"wp","href":"https:\/\/api.w.org\/{rel}","templated":true}]}}