{"id":343,"date":"2024-11-03T14:37:25","date_gmt":"2024-11-03T12:37:25","guid":{"rendered":"https:\/\/rlab.lv\/?page_id=343"},"modified":"2025-03-16T18:41:44","modified_gmt":"2025-03-16T16:41:44","slug":"contact-as","status":"publish","type":"page","link":"https:\/\/rlab.lv\/lv\/contact-as\/","title":{"rendered":"Contact as!"},"content":{"rendered":"<div data-colibri-id=\"343-c1\" class=\"style-478 style-local-343-c1 position-relative\">\n  <!---->\n  <div data-colibri-component=\"section\" data-colibri-id=\"343-c2\" id=\"custom\" class=\"h-section h-section-global-spacing d-flex align-items-lg-center align-items-md-center align-items-center style-479 style-local-343-c2 position-relative\">\n    <!---->\n    <!---->\n    <div class=\"h-section-grid-container h-section-boxed-container\">\n      <!---->\n      <div data-colibri-id=\"343-c3\" class=\"h-row-container gutters-row-lg-2 gutters-row-md-2 gutters-row-0 gutters-row-v-lg-2 gutters-row-v-md-2 gutters-row-v-2 style-480 style-local-343-c3 position-relative\">\n        <!---->\n        <div class=\"h-row justify-content-lg-center justify-content-md-center justify-content-center align-items-lg-stretch align-items-md-stretch align-items-stretch gutters-col-lg-2 gutters-col-md-2 gutters-col-0 gutters-col-v-lg-2 gutters-col-v-md-2 gutters-col-v-2\">\n          <!---->\n          <div class=\"h-column h-column-container d-flex h-col-lg-auto h-col-md-auto h-col-auto style-481-outer style-local-343-c4-outer\">\n            <div data-colibri-id=\"343-c4\" class=\"d-flex h-flex-basis h-column__inner h-px-lg-2 h-px-md-2 h-px-2 v-inner-lg-2 v-inner-md-2 v-inner-2 style-481 style-local-343-c4 position-relative\">\n              <!---->\n              <!---->\n              <div class=\"w-100 h-y-container h-column__content h-column__v-align flex-basis-100 align-self-lg-start align-self-md-start align-self-start\">\n                <!---->\n                <div data-colibri-id=\"343-c5\" class=\"h-text h-text-component style-482 style-local-343-c5 position-relative h-element\">\n                  <!---->\n                  <!---->\n                  <div class=\"\">\n                    <p>Sazinities ar mums:<\/p>\n                    <ul>\n                      <li>&nbsp;nos\u016btot piepras\u012bjumu uz adresi: info@rlab.lv<\/li>\n                      <li>&nbsp;vai zvaniet:\u00a0+371 29 459 183<\/li>\n                    <\/ul>\n                    <p>M\u0113s pal\u012bdz\u0113sim izv\u0113l\u0113ties piem\u0113rot\u0101ku risin\u0101jumu j\u016bsu vajadz\u012bb\u0101m un pied\u0101v\u0101sim iesp\u0113jamus variantus.&nbsp;<\/p>\n                    <p>M\u0113s varam iuzst\u0101d\u012bt t\u012bkla risin\u0101jumu \u013coti \u0101tri, un pied\u0101v\u0101jam ar\u012b instal\u0101cijas uz laiku - publiskiem pas\u0101kumiem, festiv\u0101\u013ciem, konferenc\u0113m, ofisa p\u0101rvieto\u0161anas procesam vai paplasin\u0101\u0161anai uz laiku, gan telp\u0101s, gan dab\u0101.<\/p>\n                    <p>Izlaic\u012bg\u0101m instal\u0101cij\u0101m mums ir dro\u0161ie iepriek\u0161 izgatavotie t\u012bkla modu\u013ci, kas padara iesp\u0113jamu tie\u0161\u0101m \u0101tru t\u012bkla izveido\u0161anu - faktiski gatav\u0101 tikla atvez\u0161anu.&nbsp;<\/p>\n                    <p>M\u0113s nodro\u0161inam ar\u012b piek\u013cuvi Internet t\u012bklam, kad tas ir nepiecie\u0161ams pas\u0101kumiem - izmantojot 4G\/5G mobilo t\u012bklu vai satelitu pakalpojumu Starlink.<\/p>\n                    <p>Mums ir ap 15 gadiem pieredze t\u012bkla pakalpojumu nodro\u0161in\u0101\u0161an\u0101.&nbsp;<\/p>\n                    <p>\n                      <br>\n                    <\/p>\n                    <p>Uz\u0146emums dati:<\/p>\n                    <p>RLAB SIA, adrese: Ainavas 2A-32, Riga, LV-1039<\/p>\n                    <p>PVN Re\u0123. Nr.: LV50003934831&nbsp;<\/p>\n                    <p>e-pasts: info@rlab.lv<\/p>\n                  <\/div>\n                <\/div>\n              <\/div>\n            <\/div>\n          <\/div>\n        <\/div>\n      <\/div>\n    <\/div>\n  <\/div>\n<\/div>","protected":false},"excerpt":{"rendered":"<p>Contact us: &nbsp;send e-mail to: orders@rlab.lv &nbsp;call us:&nbsp;+371 29 459 183 We&#8217;ll help you choose the most suitable solution for your needs and offer possible options.&nbsp; We can install a network solution very quickly, and we offer temporary installations too &#8211; for public events, festivals, conferences, office relocation or temporary expansion, both indoors and outdoors. [&hellip;]<\/p>","protected":false},"author":1,"featured_media":0,"parent":0,"menu_order":0,"comment_status":"closed","ping_status":"closed","template":"page-templates\/full-width-page.php","meta":{"footnotes":""},"class_list":["post-343","page","type-page","status-publish","hentry"],"_links":{"self":[{"href":"https:\/\/rlab.lv\/lv\/wp-json\/wp\/v2\/pages\/343","targetHints":{"allow":["GET"]}}],"collection":[{"href":"https:\/\/rlab.lv\/lv\/wp-json\/wp\/v2\/pages"}],"about":[{"href":"https:\/\/rlab.lv\/lv\/wp-json\/wp\/v2\/types\/page"}],"author":[{"embeddable":true,"href":"https:\/\/rlab.lv\/lv\/wp-json\/wp\/v2\/users\/1"}],"replies":[{"embeddable":true,"href":"https:\/\/rlab.lv\/lv\/wp-json\/wp\/v2\/comments?post=343"}],"version-history":[{"count":10,"href":"https:\/\/rlab.lv\/lv\/wp-json\/wp\/v2\/pages\/343\/revisions"}],"predecessor-version":[{"id":571,"href":"https:\/\/rlab.lv\/lv\/wp-json\/wp\/v2\/pages\/343\/revisions\/571"}],"wp:attachment":[{"href":"https:\/\/rlab.lv\/lv\/wp-json\/wp\/v2\/media?parent=343"}],"curies":[{"name":"wp","href":"https:\/\/api.w.org\/{rel}","templated":true}]}}