{"id":300,"date":"2024-11-03T13:39:01","date_gmt":"2024-11-03T11:39:01","guid":{"rendered":"https:\/\/rlab.lv\/?page_id=300"},"modified":"2024-11-03T20:05:32","modified_gmt":"2024-11-03T18:05:32","slug":"wifi-solution","status":"publish","type":"page","link":"https:\/\/rlab.lv\/lv\/wifi-solution\/","title":{"rendered":"WiFi risin\u0101jumi"},"content":{"rendered":"<div data-colibri-id=\"300-c1\" class=\"style-452 style-local-300-c1 position-relative\">\n  <!---->\n  <div data-colibri-component=\"section\" data-colibri-id=\"300-c2\" id=\"custom-2\" class=\"h-section h-section-global-spacing d-flex align-items-lg-center align-items-md-center align-items-center style-453 style-local-300-c2 position-relative\">\n    <!---->\n    <!---->\n    <div class=\"h-section-grid-container h-section-boxed-container\">\n      <!---->\n      <div data-colibri-id=\"300-c3\" class=\"h-row-container gutters-row-lg-2 gutters-row-md-2 gutters-row-0 gutters-row-v-lg-2 gutters-row-v-md-2 gutters-row-v-2 style-454 style-local-300-c3 position-relative\">\n        <!---->\n        <div class=\"h-row justify-content-lg-center justify-content-md-center justify-content-center align-items-lg-stretch align-items-md-stretch align-items-stretch gutters-col-lg-2 gutters-col-md-2 gutters-col-0 gutters-col-v-lg-2 gutters-col-v-md-2 gutters-col-v-2\">\n          <!---->\n          <div class=\"h-column h-column-container d-flex h-col-lg h-col-md h-col-auto style-455-outer style-local-300-c4-outer\">\n            <div data-colibri-id=\"300-c4\" class=\"d-flex h-flex-basis h-column__inner h-px-lg-2 h-px-md-2 h-px-2 v-inner-lg-2 v-inner-md-2 v-inner-2 style-455 style-local-300-c4 position-relative\">\n              <!---->\n              <!---->\n              <div class=\"w-100 h-y-container h-column__content h-column__v-align flex-basis-100 align-self-lg-start align-self-md-start align-self-start\">\n                <!---->\n                <div data-colibri-id=\"300-c5\" class=\"h-text h-text-component style-456 style-local-300-c5 position-relative h-element\">\n                  <!---->\n                  <!---->\n                  <div class=\"\">\n                    <p>M\u016bsu WiFi p\u0101rvald\u012bbas sist\u0113ma sast\u0101v no 2 mezgliem, kas atrodas datu centr\u0101 un savienoti klaster\u012b. P\u0101rvald\u012bbas klasteris ir savienots ar internetu, izmantojot ugunsm\u016brus. AP klientu vietn\u0113s (atrodas da\u017e\u0101d\u0101s valst\u012bs) savienojas ar\n klaster\u012b, visi uzraudz\u012bbas, konfigur\u0101cijas un programmaparat\u016bras jaunin\u0101jumi notiek, izmantojot AES \u0161ifr\u0113tu tuneli.Svar\u012bgi\u00a0\u2014 jebkuri savienojuma p\u0101rtraukumi starp kontrolieri un piek\u013cuves punktiem nep\u0101rtrauc WiFi pakalpojumu.&nbsp;&nbsp;<\/p>\n                  <\/div>\n                <\/div>\n              <\/div>\n            <\/div>\n          <\/div>\n        <\/div>\n      <\/div>\n    <\/div>\n  <\/div>\n  <div data-colibri-component=\"section\" data-colibri-id=\"300-c6\" id=\"custom\" class=\"h-section h-section-global-spacing d-flex align-items-lg-center align-items-md-center align-items-center style-457 style-local-300-c6 position-relative\">\n    <!---->\n    <!---->\n    <div class=\"h-section-grid-container h-section-boxed-container\">\n      <!---->\n      <div data-colibri-id=\"300-c7\" class=\"h-row-container gutters-row-lg-2 gutters-row-md-2 gutters-row-0 gutters-row-v-lg-2 gutters-row-v-md-2 gutters-row-v-2 style-458 style-local-300-c7 position-relative\">\n        <!---->\n        <div class=\"h-row justify-content-lg-center justify-content-md-center justify-content-center align-items-lg-stretch align-items-md-stretch align-items-stretch gutters-col-lg-2 gutters-col-md-2 gutters-col-0 gutters-col-v-lg-2 gutters-col-v-md-2 gutters-col-v-2\">\n          <!---->\n          <div class=\"h-column h-column-container d-flex h-col-lg h-col-md-auto h-col-auto style-459-outer style-local-300-c8-outer\">\n            <div data-colibri-id=\"300-c8\" class=\"d-flex h-flex-basis h-column__inner h-px-lg-2 h-px-md-2 h-px-2 v-inner-lg-2 v-inner-md-2 v-inner-2 style-459 style-local-300-c8 position-relative\">\n              <!---->\n              <!---->\n              <div class=\"w-100 h-y-container h-column__content h-column__v-align flex-basis-100 align-self-lg-start align-self-md-start align-self-start\">\n                <!---->\n                <div data-colibri-id=\"300-c9\" class=\"d-block style-460 style-local-300-c9 position-relative h-element\">\n                  <!---->\n                  <div class=\"h-image__frame-container-outer\">\n                    <div class=\"h-image__frame-container\">\n                      <!---->\n                      <!---->\n                      <img loading=\"lazy\" decoding=\"async\" width=\"1225\" height=\"573\" src=\"http:\/\/rlab.lv\/wp-content\/uploads\/2024\/10\/Service-diagram.png\" class=\"wp-image-112 style-460-image style-local-300-c9-image\" alt=\"\" srcset=\"https:\/\/rlab.lv\/wp-content\/uploads\/2024\/10\/Service-diagram.png 1225w, https:\/\/rlab.lv\/wp-content\/uploads\/2024\/10\/Service-diagram-300x140.png 300w, https:\/\/rlab.lv\/wp-content\/uploads\/2024\/10\/Service-diagram-1024x479.png 1024w, https:\/\/rlab.lv\/wp-content\/uploads\/2024\/10\/Service-diagram-768x359.png 768w\" sizes=\"auto, (max-width: 1225px) 100vw, 1225px\" \/>\n                      <div class=\"h-image__frame h-hide-lg h-hide-md h-hide-sm style-460-frameImage style-local-300-c9-frameImage\"><\/div>\n                    <\/div>\n                  <\/div>\n                <\/div>\n              <\/div>\n            <\/div>\n          <\/div>\n        <\/div>\n      <\/div>\n    <\/div>\n  <\/div>\n<\/div>","protected":false},"excerpt":{"rendered":"<p>Our WiFi management system consists of 2 nodes, located in Datacenter and connected in a cluster. Management cluster is connected to Internet thtough firewalls. APs on customer sites (located in different countries) connect to the cluster, all monitoring, configuration and firmware upgrades happen over AES encrypted tunnel.&nbsp;What is important &#8212; any connection interruptions between Controller [&hellip;]<\/p>","protected":false},"author":1,"featured_media":0,"parent":0,"menu_order":0,"comment_status":"closed","ping_status":"open","template":"page-templates\/full-width-page.php","meta":{"footnotes":""},"class_list":["post-300","page","type-page","status-publish","hentry"],"_links":{"self":[{"href":"https:\/\/rlab.lv\/lv\/wp-json\/wp\/v2\/pages\/300","targetHints":{"allow":["GET"]}}],"collection":[{"href":"https:\/\/rlab.lv\/lv\/wp-json\/wp\/v2\/pages"}],"about":[{"href":"https:\/\/rlab.lv\/lv\/wp-json\/wp\/v2\/types\/page"}],"author":[{"embeddable":true,"href":"https:\/\/rlab.lv\/lv\/wp-json\/wp\/v2\/users\/1"}],"replies":[{"embeddable":true,"href":"https:\/\/rlab.lv\/lv\/wp-json\/wp\/v2\/comments?post=300"}],"version-history":[{"count":5,"href":"https:\/\/rlab.lv\/lv\/wp-json\/wp\/v2\/pages\/300\/revisions"}],"predecessor-version":[{"id":463,"href":"https:\/\/rlab.lv\/lv\/wp-json\/wp\/v2\/pages\/300\/revisions\/463"}],"wp:attachment":[{"href":"https:\/\/rlab.lv\/lv\/wp-json\/wp\/v2\/media?parent=300"}],"curies":[{"name":"wp","href":"https:\/\/api.w.org\/{rel}","templated":true}]}}