{"id":150,"date":"2024-10-31T22:02:58","date_gmt":"2024-10-31T20:02:58","guid":{"rendered":"http:\/\/rlab.lv\/?page_id=150"},"modified":"2024-11-03T18:04:35","modified_gmt":"2024-11-03T16:04:35","slug":"iot-solutions","status":"publish","type":"page","link":"https:\/\/rlab.lv\/lv\/iot-solutions\/","title":{"rendered":"IoT risin\u0101jumi"},"content":{"rendered":"<div data-colibri-id=\"150-c1\" class=\"style-367 style-local-150-c1 position-relative\">\n  <!---->\n  <div data-colibri-component=\"section\" data-colibri-id=\"150-c2\" id=\"overlappable\" class=\"h-section h-section-global-spacing d-flex align-items-lg-center align-items-md-center align-items-center style-368 style-local-150-c2 position-relative\">\n    <!---->\n    <!---->\n    <div class=\"h-section-grid-container h-section-boxed-container\">\n      <!---->\n      <div data-colibri-id=\"150-c3\" class=\"h-row-container gutters-row-lg-0 gutters-row-md-0 gutters-row-2 gutters-row-v-lg-0 gutters-row-v-md-0 gutters-row-v-2 style-369 style-local-150-c3 position-relative\">\n        <!---->\n        <div class=\"h-row justify-content-lg-center justify-content-md-center justify-content-center align-items-lg-stretch align-items-md-stretch align-items-stretch gutters-col-lg-0 gutters-col-md-0 gutters-col-2 gutters-col-v-lg-0 gutters-col-v-md-0 gutters-col-v-2\">\n          <!---->\n          <div class=\"h-column h-column-container d-flex h-col-lg-4 h-col-md-4 h-col-12 style-370-outer style-local-150-c4-outer\">\n            <div data-colibri-id=\"150-c4\" class=\"d-flex h-flex-basis h-column__inner h-px-lg-3 h-px-md-3 h-px-2 v-inner-lg-3 v-inner-md-3 v-inner-2 style-370 style-local-150-c4 position-relative\">\n              <!---->\n              <!---->\n              <div class=\"w-100 h-y-container h-column__content h-column__v-align flex-basis-100 align-self-lg-start align-self-md-start align-self-start\">\n                <!---->\n                <div data-colibri-id=\"150-c5\" class=\"h-icon style-371 style-local-150-c5 position-relative h-element\">\n                  <!----><span class=\"h-svg-icon h-icon__icon style-371-icon style-local-150-c5-icon\"><!--Icon by Icons8 Line Awesome (https:\/\/icons8.com\/line-awesome)--><svg version=\"1.1\" xmlns=\"http:\/\/www.w3.org\/2000\/svg\" xmlns:xlink=\"http:\/\/www.w3.org\/1999\/xlink\" id=\"paper-plane\" viewbox=\"0 0 512 545.5\"><path d=\"M57.5 117.5L86 129l352 144 36.5 15-36.5 15L86 447l-28.5 11.5 7-30 31-140.5-31-140.5zm44.5 53L124.5 272h226zM124.5 304L102 405.5 350.5 304h-226z\"><\/path><\/svg><\/span><\/div>\n                <div\n                  data-colibri-id=\"150-c6\" class=\"h-global-transition-all h-heading style-372 style-local-150-c6 position-relative h-element\">\n                  <!---->\n                  <div class=\"h-heading__outer style-372 style-local-150-c6\">\n                    <!---->\n                    <!---->\n                    <h5 class=\"\">TELEMETR\u012aJA<\/h5>\n                  <\/div>\n              <\/div>\n              <div data-colibri-id=\"150-c7\" class=\"h-text h-text-component style-373 style-local-150-c7 position-relative h-element\">\n                <!---->\n                <!---->\n                <div class=\"\">\n                  <p>IoT iek\u0101rtas at\u013cauj v\u0101kt d\u0101\u017e\u0101dus datus par apk\u0101rt\u0113jo vidi un datus oar d\u0101\u017e\u0101diem ra\u017eo\u0161anas procesiem, and tiek intens\u012bvi pielietotas d\u0101\u017e\u0101d\u0101s jom\u0101s -- no p\u0113t\u012bjumiem lidz pronoz\u0113\u0161\u0101nai, lauksaimniec\u012bb\u0101, prevent\u012bv\u0101 apkalpo\u0161an\u0101 un tam l\u012bdz\u012bgi.\n                    <\/p>\n                <\/div>\n              <\/div>\n              <div data-colibri-id=\"150-c8\" class=\"h-x-container style-374 style-local-150-c8 position-relative h-element\">\n                <!---->\n                <div class=\"h-x-container-inner style-dynamic-150-c8-group style-374-spacing style-local-150-c8-spacing\"><span class=\"h-link__outer style-375-outer style-local-150-c9-outer d-inline-flex h-element\"><a h-use-smooth-scroll=\"true\" href=\"\"  data-colibri-id=\"150-c9\" class=\"d-flex w-100 align-items-center h-link style-375 style-local-150-c9 position-relative\"><!----><!----> <span>Read more<\/span>                  <span class=\"h-svg-icon h-link__icon style-375-icon style-local-150-c9-icon\"><!--Icon by Icons8 Line Awesome (https:\/\/icons8.com\/line-awesome)--><svg version=\"1.1\" xmlns=\"http:\/\/www.w3.org\/2000\/svg\" xmlns:xlink=\"http:\/\/www.w3.org\/1999\/xlink\" id=\"angle-double-right\" viewbox=\"0 0 512 545.5\"><path d=\"M145.5 108.5l168 168L325 288l-11.5 11.5-168 168-22.5-23L279.5 288 123 131.5zm112 0l168 168L437 288l-11.5 11.5-168 168-22.5-23L391.5 288 235 131.5z\"><\/path><\/svg><\/span><\/a>\n                  <\/span>\n                <\/div>\n              <\/div>\n            <\/div>\n          <\/div>\n        <\/div>\n        <div class=\"h-column h-column-container d-flex h-col-lg-4 h-col-md-4 h-col-12 style-370-outer style-local-150-c10-outer\">\n          <div data-colibri-id=\"150-c10\" class=\"d-flex h-flex-basis h-column__inner h-px-lg-3 h-px-md-3 h-px-2 v-inner-lg-3 v-inner-md-3 v-inner-2 style-370 style-local-150-c10 position-relative\">\n            <!---->\n            <!---->\n            <div class=\"w-100 h-y-container h-column__content h-column__v-align flex-basis-100 align-self-lg-start align-self-md-start align-self-start\">\n              <!---->\n              <div data-colibri-id=\"150-c11\" class=\"h-icon style-371 style-local-150-c11 position-relative h-element\">\n                <!----><span class=\"h-svg-icon h-icon__icon style-371-icon style-local-150-c11-icon\"><!--Icon by Icons8 Line Awesome (https:\/\/icons8.com\/line-awesome)--><svg version=\"1.1\" xmlns=\"http:\/\/www.w3.org\/2000\/svg\" xmlns:xlink=\"http:\/\/www.w3.org\/1999\/xlink\" id=\"cubes\" viewbox=\"0 0 512 545.5\"><path d=\"M256 96l6 2.5 96 38.5 10 4v107.5l86.5 37.5 9.5 4.5v129l-8 5-96 53.5-7.5 4-7.5-3.5-89-44.5-89 44.5-7.5 3.5-7.5-4-96-53.5-8-5v-129l9.5-4.5 86.5-37.5V141l10-4 96-38.5zm0 35l-52.5 20.5L256 172l52.5-20.5zm-80 44v74l64 28.5v-78zm160 0l-64 24.5v78l64-28.5v-74zM160 277l-58 25 58 29 58-28.5zm192 0l-40 17.5-18 8 58 28.5 58-29zM80 326.5V401l64 36v-78.5zm352 0l-64 32V437l64-36v-74.5zm-192 1l-64 31V438l64-32v-78.5zm32 0V406l64 32v-79.5z\"><\/path><\/svg><\/span><\/div>\n              <div\n                data-colibri-id=\"150-c12\" class=\"h-global-transition-all h-heading style-372 style-local-150-c12 position-relative h-element\">\n                <!---->\n                <div class=\"h-heading__outer style-372 style-local-150-c12\">\n                  <!---->\n                  <!---->\n                  <h5 class=\"\">Komun\u0101lo skait\u012bt\u0101ju datu sav\u0101k\u0161ana<\/h5>\n                <\/div>\n            <\/div>\n            <div data-colibri-id=\"150-c13\" class=\"h-text h-text-component style-373 style-local-150-c13 position-relative h-element\">\n              <!---->\n              <!---->\n              <div class=\"\">\n                <p>IoT iek\u0101rtas bie\u017ei izmantoj\u0101s komunalo skait\u012bt\u0101ju datu sav\u0101k\u0161anai un parraidej \u2013 \u016bdens, g\u0101zes, elektroen\u0113r\u0123ija un tt.. Dauzi modernie skait\u012bt\u0101ji jau apr\u012bkoti ar ieb\u016bv\u0113t\u0101m IoT iek\u0101rt\u0101m, lai pazi\u0146ot las\u012bjumus, izmantojot da\u017e\u0101dus datu p\u0101rraides kan\u0101lus un protokolus.<\/p>\n              <\/div>\n            <\/div>\n            <div data-colibri-id=\"150-c14\" class=\"h-x-container style-374 style-local-150-c14 position-relative h-element\">\n              <!---->\n              <div class=\"h-x-container-inner style-dynamic-150-c14-group style-374-spacing style-local-150-c14-spacing\"><span class=\"h-link__outer style-375-outer style-local-150-c15-outer d-inline-flex h-element\"><a h-use-smooth-scroll=\"true\" href=\"\"  data-colibri-id=\"150-c15\" class=\"d-flex w-100 align-items-center h-link style-375 style-local-150-c15 position-relative\"><!----><!----> <span>Read more<\/span>                <span class=\"h-svg-icon h-link__icon style-375-icon style-local-150-c15-icon\"><!--Icon by Icons8 Line Awesome (https:\/\/icons8.com\/line-awesome)--><svg version=\"1.1\" xmlns=\"http:\/\/www.w3.org\/2000\/svg\" xmlns:xlink=\"http:\/\/www.w3.org\/1999\/xlink\" id=\"angle-double-right\" viewbox=\"0 0 512 545.5\"><path d=\"M145.5 108.5l168 168L325 288l-11.5 11.5-168 168-22.5-23L279.5 288 123 131.5zm112 0l168 168L437 288l-11.5 11.5-168 168-22.5-23L391.5 288 235 131.5z\"><\/path><\/svg><\/span><\/a>\n                <\/span>\n              <\/div>\n            <\/div>\n          <\/div>\n        <\/div>\n      <\/div>\n      <div class=\"h-column h-column-container d-flex h-col-lg-4 h-col-md-4 h-col-12 style-370-outer style-local-150-c16-outer\">\n        <div data-colibri-id=\"150-c16\" class=\"d-flex h-flex-basis h-column__inner h-px-lg-3 h-px-md-3 h-px-2 v-inner-lg-3 v-inner-md-3 v-inner-2 style-370 style-local-150-c16 position-relative\">\n          <!---->\n          <!---->\n          <div class=\"w-100 h-y-container h-column__content h-column__v-align flex-basis-100 align-self-lg-start align-self-md-start align-self-start\">\n            <!---->\n            <div data-colibri-id=\"150-c17\" class=\"h-icon style-371 style-local-150-c17 position-relative h-element\">\n              <!----><span class=\"h-svg-icon h-icon__icon style-371-icon style-local-150-c17-icon\"><!--Icon by Icons8 Line Awesome (https:\/\/icons8.com\/line-awesome)--><svg version=\"1.1\" xmlns=\"http:\/\/www.w3.org\/2000\/svg\" xmlns:xlink=\"http:\/\/www.w3.org\/1999\/xlink\" id=\"area-chart\" viewbox=\"0 0 512 545.5\"><path d=\"M448 97v383H64V204.5l19 4 73 14.5 91-60.5 5.5-3.5 6 1 89.5 15 74-58zm-32 65.5l-54 42-5.5 4.5-7-1-90-15-90.5 60.5-5.5 3.5-6.5-1.5-61-12V309l62 25 89-59.5 6.5-4 7.5 2.5 87.5 29 67.5-53.5v-86zm0 127l-54 43-7 5.5-8-3-88-29.5-90 60-7 4.5-8-3-58-23v104h320V289.5z\"><\/path><\/svg><\/span><\/div>\n            <div\n              data-colibri-id=\"150-c18\" class=\"h-global-transition-all h-heading style-372 style-local-150-c18 position-relative h-element\">\n              <!---->\n              <div class=\"h-heading__outer style-372 style-local-150-c18\">\n                <!---->\n                <!---->\n                <h5 class=\"\">Att\u0101lin\u0101t\u0101 vad\u012bba<\/h5>\n              <\/div>\n          <\/div>\n          <div data-colibri-id=\"150-c19\" class=\"h-text h-text-component style-373 style-local-150-c19 position-relative h-element\">\n            <!---->\n            <!---->\n            <div class=\"\">\n              <p> IoT iek\u0101rtas dod iesp\u0113ju att\u0101lin\u0101ti vad\u012bt  iek\u0101rtas no vad\u012bbas ssit\u0113mas, piem\u0113ram, \u2014\u00a0 durvju sledze\u0146u vai apkures sist\u0113mu vad\u012bba, bie\u017ei tiek izmantotas  gudr\u0101s m\u0101j\u0101s, lai izvair\u012bties no kabe\u013cu nepiecie\u0161\u0101m\u012bbu uz katru kontrol\u0113j\u0101mo vietu.<\/p>\n            <\/div>\n          <\/div>\n          <div data-colibri-id=\"150-c20\" class=\"h-x-container style-374 style-local-150-c20 position-relative h-element\">\n            <!---->\n            <div class=\"h-x-container-inner style-dynamic-150-c20-group style-374-spacing style-local-150-c20-spacing\"><span class=\"h-link__outer style-375-outer style-local-150-c21-outer d-inline-flex h-element\"><a h-use-smooth-scroll=\"true\" href=\"\"  data-colibri-id=\"150-c21\" class=\"d-flex w-100 align-items-center h-link style-375 style-local-150-c21 position-relative\"><!----><!----> <span>Read more<\/span>              <span class=\"h-svg-icon h-link__icon style-375-icon style-local-150-c21-icon\"><!--Icon by Icons8 Line Awesome (https:\/\/icons8.com\/line-awesome)--><svg version=\"1.1\" xmlns=\"http:\/\/www.w3.org\/2000\/svg\" xmlns:xlink=\"http:\/\/www.w3.org\/1999\/xlink\" id=\"angle-double-right\" viewbox=\"0 0 512 545.5\"><path d=\"M145.5 108.5l168 168L325 288l-11.5 11.5-168 168-22.5-23L279.5 288 123 131.5zm112 0l168 168L437 288l-11.5 11.5-168 168-22.5-23L391.5 288 235 131.5z\"><\/path><\/svg><\/span><\/a>\n              <\/span>\n            <\/div>\n          <\/div>\n        <\/div>\n      <\/div>\n    <\/div>\n  <\/div>\n<\/div>\n<\/div>\n<\/div>\n<div data-colibri-component=\"section\" data-colibri-id=\"150-c22\" id=\"custom\" class=\"h-section h-section-global-spacing d-flex align-items-lg-center align-items-md-center align-items-center style-376 style-local-150-c22 position-relative\">\n  <!---->\n  <!---->\n  <div class=\"h-section-grid-container h-section-boxed-container\">\n    <!---->\n    <div data-colibri-id=\"150-c23\" class=\"h-row-container gutters-row-lg-2 gutters-row-md-2 gutters-row-0 gutters-row-v-lg-2 gutters-row-v-md-2 gutters-row-v-2 style-377 style-local-150-c23 position-relative\">\n      <!---->\n      <div class=\"h-row justify-content-lg-center justify-content-md-center justify-content-center align-items-lg-stretch align-items-md-stretch align-items-stretch gutters-col-lg-2 gutters-col-md-2 gutters-col-0 gutters-col-v-lg-2 gutters-col-v-md-2 gutters-col-v-2\">\n        <!---->\n        <div class=\"h-column h-column-container d-flex h-col-lg-auto h-col-md-auto h-col-auto style-378-outer style-local-150-c24-outer\">\n          <div data-colibri-id=\"150-c24\" class=\"d-flex h-flex-basis h-column__inner h-px-lg-2 h-px-md-2 h-px-2 v-inner-lg-2 v-inner-md-2 v-inner-2 style-378 style-local-150-c24 position-relative\">\n            <!---->\n            <!---->\n            <div class=\"w-100 h-y-container h-column__content h-column__v-align flex-basis-100 align-self-lg-start align-self-md-start align-self-start\">\n              <!---->\n              <div data-colibri-id=\"150-c25\" class=\"h-global-transition-all h-heading style-379 style-local-150-c25 position-relative h-element\">\n                <!---->\n                <div class=\"h-heading__outer style-379 style-local-150-c25\">\n                  <!---->\n                  <!---->\n                  <h1 class=\"\">IoT datu sav\u0101k\u0161anas sist\u0113ma<\/h1>\n                <\/div>\n              <\/div>\n            <\/div>\n          <\/div>\n        <\/div>\n      <\/div>\n    <\/div>\n    <div data-colibri-id=\"150-c26\" class=\"h-row-container gutters-row-lg-2 gutters-row-md-2 gutters-row-0 gutters-row-v-lg-2 gutters-row-v-md-2 gutters-row-v-2 style-380 style-local-150-c26 position-relative\">\n      <!---->\n      <div class=\"h-row justify-content-lg-center justify-content-md-center justify-content-center align-items-lg-stretch align-items-md-stretch align-items-stretch gutters-col-lg-2 gutters-col-md-2 gutters-col-0 gutters-col-v-lg-2 gutters-col-v-md-2 gutters-col-v-2\">\n        <!---->\n        <div class=\"h-column h-column-container d-flex h-col-lg-auto h-col-md-auto h-col-auto style-381-outer style-local-150-c27-outer\">\n          <div data-colibri-id=\"150-c27\" class=\"d-flex h-flex-basis h-column__inner h-px-lg-2 h-px-md-2 h-px-2 v-inner-lg-2 v-inner-md-2 v-inner-2 style-381 style-local-150-c27 position-relative\">\n            <!---->\n            <!---->\n            <div class=\"w-100 h-y-container h-column__content h-column__v-align flex-basis-100 align-self-lg-start align-self-md-start align-self-start\">\n              <!---->\n              <div data-colibri-id=\"150-c28\" class=\"h-text h-text-component style-383 style-local-150-c28 position-relative h-element\">\n                <!---->\n                <!---->\n                <div class=\"\">\n                  <p>IoT Port\u0101ls sa\u0146em datu sa\u0146m\u0161anai izmanto popul\u0101ro  MQTT protokolu. Port\u0101ls atbalsta plasu kl\u0101stu IoT sensoru un skait\u012bt\u0101ju \u2013 no vides un gaisa kvalitates sensoriem l\u012bdz spiediena un ska\u0146as ska\u013cuma sensoriem un pater\u0113to resursu skait\u012bt\u0101jiem.\n Tiek atbalst\u012btas iek\u0101rtas no vairaakiem ra\u017eot\u0101jiem, ieskaitot Milesight, Shelly, Apators, Madelena, E-Meter,\u00a0 var tik piesl\u0113gts vairums standarto sensoru..<\/p>\n                  <p>&nbsp;&nbsp;<\/p>\n                <\/div>\n              <\/div>\n            <\/div>\n          <\/div>\n        <\/div>\n      <\/div>\n    <\/div>\n    <div data-colibri-id=\"150-c29\" class=\"h-row-container gutters-row-lg-2 gutters-row-md-2 gutters-row-0 gutters-row-v-lg-2 gutters-row-v-md-2 gutters-row-v-2 style-443 style-local-150-c29 position-relative\">\n      <!---->\n      <div class=\"h-row justify-content-lg-center justify-content-md-center justify-content-center align-items-lg-stretch align-items-md-stretch align-items-stretch gutters-col-lg-2 gutters-col-md-2 gutters-col-0 gutters-col-v-lg-2 gutters-col-v-md-2 gutters-col-v-2\">\n        <!---->\n        <div class=\"h-column h-column-container d-flex h-col-lg-auto h-col-md-auto h-col-auto style-444-outer style-local-150-c30-outer\">\n          <div data-colibri-id=\"150-c30\" class=\"d-flex h-flex-basis h-column__inner h-px-lg-2 h-px-md-2 h-px-2 v-inner-lg-2 v-inner-md-2 v-inner-2 style-444 style-local-150-c30 position-relative\">\n            <!---->\n            <!---->\n            <div class=\"w-100 h-y-container h-column__content h-column__v-align flex-basis-100 align-self-lg-start align-self-md-start align-self-start\">\n              <!---->\n              <div data-colibri-id=\"150-c31\" class=\"d-block style-446 style-local-150-c31 position-relative h-element\">\n                <!---->\n                <div class=\"h-image__frame-container-outer\">\n                  <div class=\"h-image__frame-container\">\n                    <!---->\n                    <!---->\n                    <img loading=\"lazy\" decoding=\"async\" width=\"1280\" height=\"720\" src=\"http:\/\/rlab.lv\/wp-content\/uploads\/2024\/11\/IoT-solution.png\" class=\"wp-image-251 style-446-image style-local-150-c31-image\" alt=\"\" srcset=\"https:\/\/rlab.lv\/wp-content\/uploads\/2024\/11\/IoT-solution.png 1280w, https:\/\/rlab.lv\/wp-content\/uploads\/2024\/11\/IoT-solution-300x169.png 300w, https:\/\/rlab.lv\/wp-content\/uploads\/2024\/11\/IoT-solution-1024x576.png 1024w, https:\/\/rlab.lv\/wp-content\/uploads\/2024\/11\/IoT-solution-768x432.png 768w\" sizes=\"auto, (max-width: 1280px) 100vw, 1280px\" \/>\n                    <div class=\"h-image__frame h-hide-lg h-hide-md h-hide-sm style-446-frameImage style-local-150-c31-frameImage\"><\/div>\n                  <\/div>\n                <\/div>\n              <\/div>\n            <\/div>\n          <\/div>\n        <\/div>\n      <\/div>\n    <\/div>\n    <div data-colibri-id=\"150-c32\" class=\"h-row-container gutters-row-lg-2 gutters-row-md-2 gutters-row-0 gutters-row-v-lg-2 gutters-row-v-md-2 gutters-row-v-2 style-431 style-local-150-c32 position-relative\">\n      <!---->\n      <div class=\"h-row justify-content-lg-center justify-content-md-center justify-content-center align-items-lg-stretch align-items-md-stretch align-items-stretch gutters-col-lg-2 gutters-col-md-2 gutters-col-0 gutters-col-v-lg-2 gutters-col-v-md-2 gutters-col-v-2\">\n        <!---->\n        <div class=\"h-column h-column-container d-flex h-col-lg-auto h-col-md-auto h-col-auto style-432-outer style-local-150-c33-outer\">\n          <div data-colibri-id=\"150-c33\" class=\"d-flex h-flex-basis h-column__inner h-px-lg-2 h-px-md-2 h-px-2 v-inner-lg-2 v-inner-md-2 v-inner-2 style-432 style-local-150-c33 position-relative\">\n            <!---->\n            <!---->\n            <div class=\"w-100 h-y-container h-column__content h-column__v-align flex-basis-100 align-self-lg-start align-self-md-start align-self-start\">\n              <!---->\n              <div data-colibri-id=\"150-c34\" class=\"h-text h-text-component style-434 style-local-150-c34 position-relative h-element\">\n                <!---->\n                <!---->\n                <div class=\"\">\n                  <p>Tipislkie pielietojumi:<\/p>\n                  <ul>\n                    <li>Komun\u0101lo skait\u012bt\u0101ju datu nolas\u012b\u0161ana<\/li>\n                    <li>Industri\u0101lo iek\u0101rtu monitor\u0113\u0161ana<\/li>\n                    <li>Gaisa kvalit\u0101tes kontrol\u0113 \u0113k\u0101s un \u0101rpus telp\u0101m<\/li>\n                    <li>Dro\u0161ibas uzraudz\u012bba objektiem bez elektr\u012bbas avota.&nbsp;<\/li>\n                  <\/ul>\n                <\/div>\n              <\/div>\n            <\/div>\n          <\/div>\n        <\/div>\n      <\/div>\n    <\/div>\n    <div data-colibri-id=\"150-c35\" class=\"h-row-container gutters-row-lg-2 gutters-row-md-2 gutters-row-0 gutters-row-v-lg-2 gutters-row-v-md-2 gutters-row-v-2 style-435 style-local-150-c35 position-relative\">\n      <!---->\n      <div class=\"h-row justify-content-lg-center justify-content-md-center justify-content-center align-items-lg-stretch align-items-md-stretch align-items-stretch gutters-col-lg-2 gutters-col-md-2 gutters-col-0 gutters-col-v-lg-2 gutters-col-v-md-2 gutters-col-v-2\">\n        <!---->\n        <div class=\"h-column h-column-container d-flex h-col-lg-auto h-col-md-auto h-col-auto style-436-outer style-local-150-c36-outer\">\n          <div data-colibri-id=\"150-c36\" class=\"d-flex h-flex-basis h-column__inner h-px-lg-2 h-px-md-2 h-px-2 v-inner-lg-2 v-inner-md-2 v-inner-2 style-436 style-local-150-c36 position-relative\">\n            <!---->\n            <!---->\n            <div class=\"w-100 h-y-container h-column__content h-column__v-align flex-basis-100 align-self-lg-start align-self-md-start align-self-start\">\n              <!---->\n              <div data-colibri-id=\"150-c37\" class=\"h-text h-text-component style-438 style-local-150-c37 position-relative h-element\">\n                <!---->\n                <!---->\n                <div class=\"\">\n                  <p><span style=\"color: rgb(70, 112, 127); font-family: &quot;Open Sans&quot;; font-size: 16px; font-weight: 400;\">M\u0113s pied\u0101v\u0101jam: <\/span><\/p>\n                  <ul>\n                    <li><span style=\"color: rgb(70, 112, 127); font-family: &quot;Open Sans&quot;; font-size: 16px; font-weight: 400;\">IoT datu sav\u0101k\u0161anas Port\u0101lu<\/span><\/li>\n                    <li><span style=\"color: rgb(70, 112, 127); font-family: &quot;Open Sans&quot;; font-size: 16px; font-weight: 400;\">Pilnu IoT monitoringa sist\u0113mas ievie\u0161anu - ka pakalpojumu<\/span><\/li>\n                    <li><span style=\"color: rgb(70, 112, 127); font-family: &quot;Open Sans&quot;; font-size: 16px; font-weight: 400;\">Pilnu IoT sist\u0113mas ievie\u0161anu ieskaitot Port\u0101la pakalpojkumus un sensoru uzst\u0101d\u012b\u0161anu (ar bateriju baro\u0161anu vai ar baro\u0161anu no AC\/DC ar\u0113jiem avotiem), varteju un citu nepiecie\u0161amo uzst\u0101d\u012b\u0161anu&nbsp;<\/span><\/li>\n                  <\/ul>\n                  <p><span style=\"color: rgb(70, 112, 127); font-family: &quot;Open Sans&quot;; font-size: 16px; font-weight: 400;\">M\u0113s atbalstam da\u017e\u0101das datu pieg\u0101des tehnolo\u0123ijas: LORA, FCK, WM-Bus, Zigbee, WiFi.&nbsp;&nbsp;<\/span><\/p>\n                <\/div>\n              <\/div>\n            <\/div>\n          <\/div>\n        <\/div>\n      <\/div>\n    <\/div>\n  <\/div>\n<\/div>\n<\/div>","protected":false},"excerpt":{"rendered":"<p>telemetry IoT devices allow to collect different environmental data and data from different manufacturing processes, and become extensively used in many areas &#8211; from research to prognoses, in agriculture, in preventive&nbsp; maintenance, etc. Read more Meter data collection IoT devices are often used for utility meter data collection &#8211; water, natural gas, electricity, heating, etc. [&hellip;]<\/p>","protected":false},"author":1,"featured_media":0,"parent":0,"menu_order":0,"comment_status":"closed","ping_status":"closed","template":"page-templates\/full-width-page.php","meta":{"footnotes":""},"class_list":["post-150","page","type-page","status-publish","hentry"],"_links":{"self":[{"href":"https:\/\/rlab.lv\/lv\/wp-json\/wp\/v2\/pages\/150","targetHints":{"allow":["GET"]}}],"collection":[{"href":"https:\/\/rlab.lv\/lv\/wp-json\/wp\/v2\/pages"}],"about":[{"href":"https:\/\/rlab.lv\/lv\/wp-json\/wp\/v2\/types\/page"}],"author":[{"embeddable":true,"href":"https:\/\/rlab.lv\/lv\/wp-json\/wp\/v2\/users\/1"}],"replies":[{"embeddable":true,"href":"https:\/\/rlab.lv\/lv\/wp-json\/wp\/v2\/comments?post=150"}],"version-history":[{"count":15,"href":"https:\/\/rlab.lv\/lv\/wp-json\/wp\/v2\/pages\/150\/revisions"}],"predecessor-version":[{"id":438,"href":"https:\/\/rlab.lv\/lv\/wp-json\/wp\/v2\/pages\/150\/revisions\/438"}],"wp:attachment":[{"href":"https:\/\/rlab.lv\/lv\/wp-json\/wp\/v2\/media?parent=150"}],"curies":[{"name":"wp","href":"https:\/\/api.w.org\/{rel}","templated":true}]}}