{"id":3,"date":"2022-12-31T11:00:12","date_gmt":"2022-12-31T11:00:12","guid":{"rendered":"http:\/\/rlab.lv\/?page_id=3"},"modified":"2024-11-03T13:46:35","modified_gmt":"2024-11-03T11:46:35","slug":"privacy-policy","status":"publish","type":"page","link":"http:\/\/rlab.lv\/lv\/privacy-policy\/","title":{"rendered":"Priv\u0101tuma politika"},"content":{"rendered":"<h2 class=\"wp-block-heading\">Who we are<\/h2>\n\n\n\n<p>Our web-lapas adrese ir: https:\/\/rlab.lv, un komp\u0101nijas nosaukums ir RLAB SIA. M\u0113s pied\u0101v\u0101jam   WiFi un IoT pkalpojumus. <\/p>\n\n\n\n<p><\/p>\n\n\n\n<h2 class=\"wp-block-heading\">Cookies<\/h2>\n\n\n\n<p><strong class=\"privacy-policy-tutorial\"> <\/strong>Ja atst\u0101jat koment\u0101ru m\u016bsu vietn\u0113, varat izv\u0113l\u0113ties saglab\u0101t savu v\u0101rdu, e-pasta adresi un vietni s\u012bkfailos. Tie ir paredz\u0113ti j\u016bsu \u0113rt\u012bb\u0101m, lai jums neb\u016btu v\u0113lreiz j\u0101ievada sava inform\u0101cija, kad atst\u0101jat citu koment\u0101ru. \u0160\u012bs s\u012bkdatnes kalpos vienu gadu.<\/p>\n\n\n\n<p>Ja apmekl\u0113jat m\u016bsu pieteik\u0161an\u0101s lapu, m\u0113s iestat\u012bsim pagaidu s\u012bkfailu, lai noteiktu, vai j\u016bsu p\u0101rl\u016bkprogramma pie\u0146em s\u012bkfailus. \u0160aj\u0101 s\u012bkdatn\u0113 nav personas datu, un t\u0101 tiek atmesta, kad aizverat p\u0101rl\u016bkprogrammu.<\/p>\n\n\n\n<p>Kad j\u016bs piesak\u0101ties, m\u0113s ar\u012b iestat\u012bsim vair\u0101kus s\u012bkfailus, lai saglab\u0101tu j\u016bsu pieteik\u0161an\u0101s inform\u0101ciju un ekr\u0101na displeja izv\u0113les. Pieteik\u0161an\u0101s s\u012bkfaili darbojas divas dienas, bet ekr\u0101na opciju s\u012bkfaili darbojas gadu. Ja atlas\u012bsit \u201cAtcer\u0113ties mani\u201d, j\u016bsu pieteik\u0161an\u0101s tiks saglab\u0101ta divas ned\u0113\u013cas. Ja j\u016bs izrakst\u0101ties no sava konta, pieteik\u0161an\u0101s s\u012bkfaili tiks no\u0146emti.<\/p>\n\n\n\n<p>Ja redi\u0123\u0113jat vai public\u0113jat rakstu, j\u016bsu p\u0101rl\u016bkprogramm\u0101 tiks saglab\u0101ts papildu s\u012bkfails. \u0160aj\u0101 s\u012bkfail\u0101 nav ietverti personas dati, un tas vienk\u0101r\u0161i nor\u0101da tikko redi\u0123\u0113t\u0101 raksta zi\u0146as ID. Tas beidzas p\u0113c 1 dienas.<\/p>\n\n\n\n<h2 class=\"wp-block-heading\">Iegultais saturs no cit\u0101m vietn\u0113m<\/h2>\n\n\n\n<p>\u0160\u012bs vietnes rakstos var b\u016bt iegults saturs (piem\u0113ram, videoklipi, att\u0113li, raksti utt.). Iegultais saturs no cit\u0101m vietn\u0113m darbojas tie\u0161i t\u0101pat k\u0101 tad, ja apmekl\u0113t\u0101js b\u016btu apmekl\u0113jis citu vietni.<\/p>\n\n\n\n<p>\u0160\u012bs vietnes var v\u0101kt datus par jums, izmantot s\u012bkfailus, iegult papildu tre\u0161\u0101s puses izseko\u0161anu un p\u0101rraudz\u012bt j\u016bsu mijiedarb\u012bbu ar \u0161o iegulto saturu, tostarp izsekot j\u016bsu mijiedarb\u012bbai ar iegulto saturu, ja jums ir konts un esat pieteicies \u0161aj\u0101 vietn\u0113.<\/p>\n\n\n\n<h2 class=\"wp-block-heading\">Ar ko m\u0113s kop\u012bgojam j\u016bsu datus?<\/h2>\n\n\n\n<p>Ja piepras\u0101t paroles atiestat\u012b\u0161anu, j\u016bsu IP adrese tiks iek\u013cauta atiestat\u012b\u0161anas e-past\u0101.<\/p>\n\n\n\n<h2 class=\"wp-block-heading\">Cik ilgi m\u0113s saglab\u0101jam j\u016bsu datus?<\/h2>\n\n\n\n<p>Ja atst\u0101jat koment\u0101ru, koment\u0101rs un t\u0101 metadati tiek saglab\u0101ti uz nenoteiktu laiku. Tas ir t\u0101p\u0113c, lai m\u0113s var\u0113tu autom\u0101tiski atpaz\u012bt un apstiprin\u0101t visus turpm\u0101kos koment\u0101rus, nevis tur\u0113t tos regul\u0113\u0161anas rind\u0101.<\/p>\n\n\n\n<p>Lietot\u0101jiem, kas re\u0123istr\u0113jas m\u016bsu vietn\u0113 (ja t\u0101di ir), m\u0113s ar\u012b saglab\u0101jam vi\u0146u sniegto personisko inform\u0101ciju sav\u0101 lietot\u0101ja profil\u0101. Visi lietot\u0101ji jebkur\u0101 laik\u0101 var redz\u0113t, redi\u0123\u0113t vai dz\u0113st savu personisko inform\u0101ciju (iz\u0146emot to, ka vi\u0146i nevar main\u012bt savu lietot\u0101jv\u0101rdu). Viet\u0146u administratori var ar\u012b redz\u0113t un redi\u0123\u0113t \u0161o inform\u0101ciju.<\/p>\n\n\n\n<h2 class=\"wp-block-heading\">K\u0101das ties\u012bbas jums ir uz saviem datiem?<\/h2>\n\n\n\n<p>Ja jums ir konts \u0161aj\u0101 vietn\u0113 vai esat atst\u0101jis koment\u0101rus, varat piepras\u012bt eksport\u0113tu failu ar m\u016bsu r\u012bc\u012bb\u0101 eso\u0161ajiem personas datiem par jums, tostarp visiem datiem, ko esat mums sniedzis. Varat ar\u012b piepras\u012bt, lai m\u0113s dz\u0113stu visus m\u016bsu r\u012bc\u012bb\u0101 eso\u0161os personas datus par jums. Tas neietver nek\u0101dus datus, kas mums ir j\u0101uzglab\u0101 administrat\u012bvos, juridiskos vai dro\u0161\u012bbas nol\u016bkos.<\/p>\n\n\n\n<h2 class=\"wp-block-heading\">Kur tiek nos\u016bt\u012bti j\u016bsu dati?<\/h2>\n\n\n\n<p>Apmekl\u0113t\u0101ju koment\u0101rus var p\u0101rbaud\u012bt, izmantojot automatiz\u0113tu surog\u0101tpasta noteik\u0161anas pakalpojumu.<\/p>\n\n\n\n<p><\/p>","protected":false},"excerpt":{"rendered":"<p>Who we are Our website address is: https:\/\/rlab.lv, and company name is RLAB SIA. We provide WiFi and IoT services. Cookies If you leave a comment on our site you may opt-in to saving your name, email address and website in cookies. These are for your convenience so that you do not have to fill [&hellip;]<\/p>","protected":false},"author":1,"featured_media":0,"parent":0,"menu_order":0,"comment_status":"closed","ping_status":"open","template":"","meta":{"footnotes":""},"class_list":["post-3","page","type-page","status-publish","hentry"],"_links":{"self":[{"href":"http:\/\/rlab.lv\/lv\/wp-json\/wp\/v2\/pages\/3","targetHints":{"allow":["GET"]}}],"collection":[{"href":"http:\/\/rlab.lv\/lv\/wp-json\/wp\/v2\/pages"}],"about":[{"href":"http:\/\/rlab.lv\/lv\/wp-json\/wp\/v2\/types\/page"}],"author":[{"embeddable":true,"href":"http:\/\/rlab.lv\/lv\/wp-json\/wp\/v2\/users\/1"}],"replies":[{"embeddable":true,"href":"http:\/\/rlab.lv\/lv\/wp-json\/wp\/v2\/comments?post=3"}],"version-history":[{"count":1,"href":"http:\/\/rlab.lv\/lv\/wp-json\/wp\/v2\/pages\/3\/revisions"}],"predecessor-version":[{"id":309,"href":"http:\/\/rlab.lv\/lv\/wp-json\/wp\/v2\/pages\/3\/revisions\/309"}],"wp:attachment":[{"href":"http:\/\/rlab.lv\/lv\/wp-json\/wp\/v2\/media?parent=3"}],"curies":[{"name":"wp","href":"https:\/\/api.w.org\/{rel}","templated":true}]}}